{"id":2,"date":"2022-12-09T10:56:17","date_gmt":"2022-12-09T09:56:17","guid":{"rendered":"http:\/\/aqkelta.cluster028.hosting.ovh.net\/?page_id=2"},"modified":"2023-11-25T10:12:11","modified_gmt":"2023-11-25T09:12:11","slug":"page-d-exemple","status":"publish","type":"page","link":"https:\/\/www.fabriquebannier.com\/","title":{"rendered":"Accueil"},"content":{"rendered":"<div class=\"wpb-content-wrapper\"><p>[vc_row row_height_percent=\u00a0\u00bb90&Prime; override_padding=\u00a0\u00bbyes\u00a0\u00bb h_padding=\u00a0\u00bb2&Prime; top_padding=\u00a0\u00bb1&Prime; bottom_padding=\u00a0\u00bb3&Prime; back_image=\u00a0\u00bb118239&Prime; back_position=\u00a0\u00bbcenter top\u00a0\u00bb overlay_alpha=\u00a0\u00bb0&Prime; gutter_size=\u00a0\u00bb3&Prime; column_width_percent=\u00a0\u00bb100&Prime; shift_y=\u00a0\u00bb0&Prime; z_index=\u00a0\u00bb0&Prime; enable_bottom_divider=\u00a0\u00bbdefault\u00a0\u00bb bottom_divider=\u00a0\u00bbgradient\u00a0\u00bb shape_bottom_flip=\u00a0\u00bbyes\u00a0\u00bb shape_bottom_h_use_pixel=\u00a0\u00bbtrue\u00a0\u00bb shape_bottom_height_percent=\u00a0\u00bb20&Prime; shape_bottom_color=\u00a0\u00bbcolor-xsdn\u00a0\u00bb shape_bottom_opacity=\u00a0\u00bb100&Prime; shape_bottom_index=\u00a0\u00bb0&Prime; uncode_shortcode_id=\u00a0\u00bb723278&Prime; shape_bottom_color_type=\u00a0\u00bbuncode-palette\u00a0\u00bb back_size=\u00a0\u00bbcover\u00a0\u00bb][vc_column column_width_percent=\u00a0\u00bb100&Prime; align_horizontal=\u00a0\u00bbalign_center\u00a0\u00bb gutter_size=\u00a0\u00bb2&Prime; override_padding=\u00a0\u00bbyes\u00a0\u00bb column_padding=\u00a0\u00bb2&Prime; expand_height=\u00a0\u00bbyes\u00a0\u00bb style=\u00a0\u00bblight\u00a0\u00bb overlay_alpha=\u00a0\u00bb0&Prime; shift_x=\u00a0\u00bb0&Prime; shift_y=\u00a0\u00bb0&Prime; shift_y_down=\u00a0\u00bb0&Prime; z_index=\u00a0\u00bb0&Prime; medium_width=\u00a0\u00bb0&Prime; mobile_width=\u00a0\u00bb0&Prime; css_animation=\u00a0\u00bbzoom-in\u00a0\u00bb animation_speed=\u00a0\u00bb600&Prime; animation_delay=\u00a0\u00bb600&Prime; width=\u00a0\u00bb1\/1&Prime; uncode_shortcode_id=\u00a0\u00bb198277&Prime; el_id=\u00a0\u00bbheaderaccueil\u00a0\u00bb][vc_custom_heading text_color=\u00a0\u00bbcolor-jevc\u00a0\u00bb heading_semantic=\u00a0\u00bbh1&Prime; text_size=\u00a0\u00bbfontsize-327003&Prime; uncode_shortcode_id=\u00a0\u00bb576807&Prime; text_color_type=\u00a0\u00bbuncode-palette\u00a0\u00bb el_id=\u00a0\u00bbtitraille\u00a0\u00bb]Bienvenue \u00e0 la\u00a0Fabrique Bannier,\u00a0fabrique artisanale de\u00a0<span class=\"split-word uncode-rotating-span uncode-rotating-text-start\" data-text=\"bonnes id\u00e9es|bonnes denr\u00e9es|bon sens\" data-fx=\"zoom\" data-wait=\"2000\">&nbsp;<\/span><span class=\"split-word word1\"><span class=\"split-word-flow\"><span class=\"split-word-inner\"><span class=\"split-char char92\">b<\/span><span class=\"split-char char93\">o<\/span><span class=\"split-char char94\">n<\/span><\/span><\/span><\/span><span class=\"split-word word2\"><span class=\"split-word-flow\"><span class=\"split-word-inner split-empty-inner\"><span class=\"split-word-empty\">&nbsp;<\/span><span class=\"split-char char269\">s<\/span><span class=\"split-char char270\">e<\/span><span class=\"split-char char271\">n<\/span><span class=\"split-char char272\">s<\/span><\/span><\/span><\/span><span class=\"split-word uncode-rotating-span uncode-rotating-text-end\">&nbsp;<\/span>[\/vc_custom_heading][vc_empty_space empty_h=\u00a0\u00bb5&Prime;][\/vc_column][\/vc_row][vc_row row_height_percent=\u00a0\u00bb0&Prime; override_padding=\u00a0\u00bbyes\u00a0\u00bb h_padding=\u00a0\u00bb2&Prime; top_padding=\u00a0\u00bb1&Prime; bottom_padding=\u00a0\u00bb5&Prime; back_color=\u00a0\u00bbcolor-xsdn\u00a0\u00bb overlay_alpha=\u00a0\u00bb50&Prime; equal_height=\u00a0\u00bbyes\u00a0\u00bb gutter_size=\u00a0\u00bb4&Prime; column_width_percent=\u00a0\u00bb100&Prime; shift_y=\u00a0\u00bb0&Prime; z_index=\u00a0\u00bb0&Prime; uncode_shortcode_id=\u00a0\u00bb301024&Prime; back_color_type=\u00a0\u00bbuncode-palette\u00a0\u00bb][vc_column column_width_use_pixel=\u00a0\u00bbyes\u00a0\u00bb position_vertical=\u00a0\u00bbmiddle\u00a0\u00bb align_horizontal=\u00a0\u00bbalign_center\u00a0\u00bb gutter_size=\u00a0\u00bb3&Prime; overlay_alpha=\u00a0\u00bb50&Prime; shift_x=\u00a0\u00bb0&Prime; shift_y=\u00a0\u00bb0&Prime; shift_y_down=\u00a0\u00bb0&Prime; z_index=\u00a0\u00bb0&Prime; medium_width=\u00a0\u00bb0&Prime; mobile_width=\u00a0\u00bb0&Prime; width=\u00a0\u00bb1\/1&Prime; column_width_pixel=\u00a0\u00bb900&Prime;][vc_custom_heading heading_semantic=\u00a0\u00bbh3&Prime; text_height=\u00a0\u00bbfontheight-357766&Prime; uncode_shortcode_id=\u00a0\u00bb143269&Prime; el_id=\u00a0\u00bbtitraille_2&Prime;]C\u2019est un joyeux hybride, entre architecture industrielle sur fond de briques rouges et terrasse dans la verdure des berges de Seine, le tout nich\u00e9 en plein centre-ville, aux fronti\u00e8res du futur village olympique.[\/vc_custom_heading][vc_gallery el_id=\u00a0\u00bbgallery-185583&Prime; type=\u00a0\u00bbcarousel\u00a0\u00bb medias=\u00a0\u00bb118337,118263,118327,118322,118330&Prime; carousel_lg=\u00a0\u00bb1&Prime; carousel_md=\u00a0\u00bb1&Prime; carousel_sm=\u00a0\u00bb1&Prime; thumb_size=\u00a0\u00bbsixteen-nine\u00a0\u00bb gutter_size=\u00a0\u00bb3&Prime; media_items=\u00a0\u00bbmedia|lightbox|original\u00a0\u00bb carousel_interval=\u00a0\u00bb3000&Prime; carousel_navspeed=\u00a0\u00bb400&Prime; carousel_nav=\u00a0\u00bbyes\u00a0\u00bb carousel_nav_mobile=\u00a0\u00bbyes\u00a0\u00bb carousel_nav_skin=\u00a0\u00bbdark\u00a0\u00bb carousel_dots_inside=\u00a0\u00bbyes\u00a0\u00bb carousel_dot_padding=\u00a0\u00bb2&Prime; stage_padding=\u00a0\u00bb0&Prime; single_overlay_opacity=\u00a0\u00bb1&Prime; single_image_anim=\u00a0\u00bbno\u00a0\u00bb single_padding=\u00a0\u00bb2&Prime; single_shadow=\u00a0\u00bbyes\u00a0\u00bb shadow_weight=\u00a0\u00bblg\u00a0\u00bb shadow_darker=\u00a0\u00bbyes\u00a0\u00bb uncode_shortcode_id=\u00a0\u00bb559666&Prime;][vc_column_text text_lead=\u00a0\u00bbyes\u00a0\u00bb uncode_shortcode_id=\u00a0\u00bb103308&Prime;]Elle est, dans sa forme actuelle, le fruit d\u2019une r\u00e9flexion autour de la r\u00e9habilitation d\u2019une friche industrielle avec le souhait d\u2019y conserver de l\u2019activit\u00e9 \u00e9conomique et de l\u2019emploi. Le tout en ouvrant au public une partie d\u2019un b\u00e2timent caract\u00e9ristique qui marque les m\u00e9moires et le paysage d\u2019Epinay depuis la fin du XIXe si\u00e8cle.[\/vc_column_text][vc_button button_color=\u00a0\u00bbaccent\u00a0\u00bb wide=\u00a0\u00bbyes\u00a0\u00bb border_width=\u00a0\u00bb0&Prime; icon_position=\u00a0\u00bbright\u00a0\u00bb link=\u00a0\u00bburl:https%3A%2F%2Fwww.fabriquebannier.com%2Findex.php%2Fa-propos%2F|title:A%20propos\u00a0\u00bb button_color_type=\u00a0\u00bbuncode-palette\u00a0\u00bb uncode_shortcode_id=\u00a0\u00bb135240&Prime; icon=\u00a0\u00bbfa fa-arrow-right\u00a0\u00bb]SUITE DE LA VISITE[\/vc_button][\/vc_column][\/vc_row]<\/p>\n<\/div>","protected":false},"excerpt":{"rendered":"<p>[vc_row row_height_percent=\u00a0\u00bb90&Prime; override_padding=\u00a0\u00bbyes\u00a0\u00bb h_padding=\u00a0\u00bb2&Prime; top_padding=\u00a0\u00bb1&Prime; bottom_padding=\u00a0\u00bb3&Prime; back_image=\u00a0\u00bb118239&Prime; back_position=\u00a0\u00bbcenter top\u00a0\u00bb overlay_alpha=\u00a0\u00bb0&Prime; gutter_size=\u00a0\u00bb3&Prime; column_width_percent=\u00a0\u00bb100&Prime; shift_y=\u00a0\u00bb0&Prime; z_index=\u00a0\u00bb0&Prime; enable_bottom_divider=\u00a0\u00bbdefault\u00a0\u00bb bottom_divider=\u00a0\u00bbgradient\u00a0\u00bb shape_bottom_flip=\u00a0\u00bbyes\u00a0\u00bb shape_bottom_h_use_pixel=\u00a0\u00bbtrue\u00a0\u00bb shape_bottom_height_percent=\u00a0\u00bb20&Prime; shape_bottom_color=\u00a0\u00bbcolor-xsdn\u00a0\u00bb [&hellip;]<\/p>\n","protected":false},"author":1,"featured_media":0,"parent":0,"menu_order":0,"comment_status":"closed","ping_status":"open","template":"","meta":{"footnotes":""},"class_list":["post-2","page","type-page","status-publish","hentry"],"_links":{"self":[{"href":"https:\/\/www.fabriquebannier.com\/index.php\/wp-json\/wp\/v2\/pages\/2","targetHints":{"allow":["GET"]}}],"collection":[{"href":"https:\/\/www.fabriquebannier.com\/index.php\/wp-json\/wp\/v2\/pages"}],"about":[{"href":"https:\/\/www.fabriquebannier.com\/index.php\/wp-json\/wp\/v2\/types\/page"}],"author":[{"embeddable":true,"href":"https:\/\/www.fabriquebannier.com\/index.php\/wp-json\/wp\/v2\/users\/1"}],"replies":[{"embeddable":true,"href":"https:\/\/www.fabriquebannier.com\/index.php\/wp-json\/wp\/v2\/comments?post=2"}],"version-history":[{"count":60,"href":"https:\/\/www.fabriquebannier.com\/index.php\/wp-json\/wp\/v2\/pages\/2\/revisions"}],"predecessor-version":[{"id":118514,"href":"https:\/\/www.fabriquebannier.com\/index.php\/wp-json\/wp\/v2\/pages\/2\/revisions\/118514"}],"wp:attachment":[{"href":"https:\/\/www.fabriquebannier.com\/index.php\/wp-json\/wp\/v2\/media?parent=2"}],"curies":[{"name":"wp","href":"https:\/\/api.w.org\/{rel}","templated":true}]}}