{"id":118433,"date":"2023-06-28T16:57:30","date_gmt":"2023-06-28T14:57:30","guid":{"rendered":"https:\/\/www.fabriquebannier.com\/?page_id=118433"},"modified":"2025-03-27T14:26:15","modified_gmt":"2025-03-27T13:26:15","slug":"agenda","status":"publish","type":"page","link":"https:\/\/www.fabriquebannier.com\/index.php\/agenda\/","title":{"rendered":"Agenda"},"content":{"rendered":"<div class=\"wpb-content-wrapper\"><p>[vc_row row_height_percent=\u00a0\u00bb0&Prime; override_padding=\u00a0\u00bbyes\u00a0\u00bb h_padding=\u00a0\u00bb2&Prime; top_padding=\u00a0\u00bb5&Prime; bottom_padding=\u00a0\u00bb5&Prime; overlay_alpha=\u00a0\u00bb50&Prime; gutter_size=\u00a0\u00bb3&Prime; column_width_percent=\u00a0\u00bb100&Prime; shift_y=\u00a0\u00bb0&Prime; z_index=\u00a0\u00bb2&Prime; bottom_divider=\u00a0\u00bbswoosh-opacity\u00a0\u00bb row_custom_slug_check=\u00a0\u00bbyes\u00a0\u00bb uncode_shortcode_id=\u00a0\u00bb167828&Prime; row_name=\u00a0\u00bbHistorique\u00a0\u00bb row_custom_slug=\u00a0\u00bbHistorique\u00a0\u00bb el_id=\u00a0\u00bbHistorique\u00a0\u00bb][vc_column column_width_use_pixel=\u00a0\u00bbyes\u00a0\u00bb position_vertical=\u00a0\u00bbmiddle\u00a0\u00bb align_horizontal=\u00a0\u00bbalign_center\u00a0\u00bb gutter_size=\u00a0\u00bb3&Prime; overlay_alpha=\u00a0\u00bb50&Prime; shift_x=\u00a0\u00bb0&Prime; shift_y=\u00a0\u00bb0&Prime; shift_y_down=\u00a0\u00bb0&Prime; shift_y_down_fixed=\u00a0\u00bbyes\u00a0\u00bb z_index=\u00a0\u00bb0&Prime; medium_width=\u00a0\u00bb0&Prime; align_mobile=\u00a0\u00bbalign_center_mobile\u00a0\u00bb mobile_width=\u00a0\u00bb0&Prime; width=\u00a0\u00bb1\/1&Prime; column_width_pixel=\u00a0\u00bb900&Prime;][vc_row_inner limit_content=\u00a0\u00bb\u00a0\u00bb][vc_column_inner column_width_percent=\u00a0\u00bb100&Prime; gutter_size=\u00a0\u00bb3&Prime; overlay_alpha=\u00a0\u00bb50&Prime; shift_x=\u00a0\u00bb0&Prime; shift_y=\u00a0\u00bb0&Prime; shift_y_down=\u00a0\u00bb0&Prime; z_index=\u00a0\u00bb0&Prime; medium_width=\u00a0\u00bb2&Prime; mobile_width=\u00a0\u00bb2&Prime; width=\u00a0\u00bb1\/4&Prime; uncode_shortcode_id=\u00a0\u00bb610679&Prime;][\/vc_column_inner][vc_column_inner column_width_percent=\u00a0\u00bb100&Prime; align_horizontal=\u00a0\u00bbalign_center\u00a0\u00bb gutter_size=\u00a0\u00bb3&Prime; override_padding=\u00a0\u00bbyes\u00a0\u00bb column_padding=\u00a0\u00bb0&Prime; overlay_alpha=\u00a0\u00bb50&Prime; shift_x=\u00a0\u00bb0&Prime; shift_y=\u00a0\u00bb0&Prime; shift_y_down=\u00a0\u00bb0&Prime; z_index=\u00a0\u00bb0&Prime; medium_width=\u00a0\u00bb4&Prime; mobile_width=\u00a0\u00bb4&Prime; width=\u00a0\u00bb1\/2&Prime; uncode_shortcode_id=\u00a0\u00bb194557&Prime;][vc_single_image media=\u00a0\u00bb118542&Prime; media_width_percent=\u00a0\u00bb100&Prime; media_ratio=\u00a0\u00bbone-one\u00a0\u00bb uncode_shortcode_id=\u00a0\u00bb263347&Prime;][uncode_vertical_text vertical_text_h_pos=\u00a0\u00bb0&Prime; z_index=\u00a0\u00bb1&Prime; text_size=\u00a0\u00bbfontsize-338686&Prime; text_weight=\u00a0\u00bb700&Prime; uncode_shortcode_id=\u00a0\u00bb201648&Prime;]Agenda[\/uncode_vertical_text][uncode_vertical_text text_align=\u00a0\u00bbbottom\u00a0\u00bb position=\u00a0\u00bbright\u00a0\u00bb flip=\u00a0\u00bbyes\u00a0\u00bb vertical_text_h_pos=\u00a0\u00bb0&Prime; vertical_text_v_pos=\u00a0\u00bb2&Prime; z_index=\u00a0\u00bb1&Prime; text_size=\u00a0\u00bbfontsize-155944&Prime; text_weight=\u00a0\u00bb700&Prime; mobile_visibility=\u00a0\u00bbyes\u00a0\u00bb uncode_shortcode_id=\u00a0\u00bb202942&Prime;]Agenda[\/uncode_vertical_text][uncode_vertical_text text_align=\u00a0\u00bbbottom\u00a0\u00bb position=\u00a0\u00bbright\u00a0\u00bb flip=\u00a0\u00bbyes\u00a0\u00bb vertical_text_h_pos=\u00a0\u00bb0&Prime; vertical_text_v_pos=\u00a0\u00bb0&Prime; z_index=\u00a0\u00bb1&Prime; text_size=\u00a0\u00bbfontsize-759052&Prime; text_weight=\u00a0\u00bb700&Prime; desktop_visibility=\u00a0\u00bbyes\u00a0\u00bb medium_visibility=\u00a0\u00bbyes\u00a0\u00bb uncode_shortcode_id=\u00a0\u00bb112602&Prime;]Agenda[\/uncode_vertical_text][\/vc_column_inner][vc_column_inner column_width_percent=\u00a0\u00bb100&Prime; gutter_size=\u00a0\u00bb3&Prime; overlay_alpha=\u00a0\u00bb50&Prime; shift_x=\u00a0\u00bb0&Prime; shift_y=\u00a0\u00bb0&Prime; shift_y_down=\u00a0\u00bb0&Prime; z_index=\u00a0\u00bb0&Prime; medium_width=\u00a0\u00bb2&Prime; mobile_width=\u00a0\u00bb2&Prime; width=\u00a0\u00bb1\/4&Prime; uncode_shortcode_id=\u00a0\u00bb137329&Prime;][\/vc_column_inner][\/vc_row_inner][\/vc_column][\/vc_row][vc_row unlock_row_content=\u00a0\u00bbyes\u00a0\u00bb row_height_percent=\u00a0\u00bb0&Prime; override_padding=\u00a0\u00bbyes\u00a0\u00bb h_padding=\u00a0\u00bb0&Prime; top_padding=\u00a0\u00bb0&Prime; bottom_padding=\u00a0\u00bb0&Prime; overlay_alpha=\u00a0\u00bb50&Prime; gutter_size=\u00a0\u00bb0&Prime; column_width_percent=\u00a0\u00bb100&Prime; shift_y=\u00a0\u00bb0&Prime; z_index=\u00a0\u00bb0&Prime; uncode_shortcode_id=\u00a0\u00bb618647&Prime;][vc_column width=\u00a0\u00bb1\/1&Prime;][vc_separator sep_color=\u00a0\u00bbcolor-jevc\u00a0\u00bb uncode_shortcode_id=\u00a0\u00bb337647&Prime; sep_color_type=\u00a0\u00bbuncode-palette\u00a0\u00bb el_height=\u00a0\u00bb1px\u00a0\u00bb][\/vc_column][\/vc_row][vc_row row_height_percent=\u00a0\u00bb0&Prime; override_padding=\u00a0\u00bbyes\u00a0\u00bb h_padding=\u00a0\u00bb2&Prime; top_padding=\u00a0\u00bb5&Prime; bottom_padding=\u00a0\u00bb5&Prime; overlay_alpha=\u00a0\u00bb50&Prime; gutter_size=\u00a0\u00bb3&Prime; column_width_percent=\u00a0\u00bb100&Prime; shift_y=\u00a0\u00bb0&Prime; z_index=\u00a0\u00bb2&Prime; bottom_divider=\u00a0\u00bbswoosh-opacity\u00a0\u00bb row_custom_slug_check=\u00a0\u00bbyes\u00a0\u00bb uncode_shortcode_id=\u00a0\u00bb159120&Prime; row_name=\u00a0\u00bbHistorique\u00a0\u00bb row_custom_slug=\u00a0\u00bbHistorique\u00a0\u00bb el_id=\u00a0\u00bbHistorique\u00a0\u00bb][vc_column column_width_percent=\u00a0\u00bb100&Prime; position_vertical=\u00a0\u00bbmiddle\u00a0\u00bb align_horizontal=\u00a0\u00bbalign_center\u00a0\u00bb gutter_size=\u00a0\u00bb3&Prime; overlay_alpha=\u00a0\u00bb50&Prime; shift_x=\u00a0\u00bb0&Prime; shift_y=\u00a0\u00bb0&Prime; shift_y_down=\u00a0\u00bb0&Prime; shift_y_down_fixed=\u00a0\u00bbyes\u00a0\u00bb z_index=\u00a0\u00bb0&Prime; medium_width=\u00a0\u00bb0&Prime; align_mobile=\u00a0\u00bbalign_center_mobile\u00a0\u00bb mobile_width=\u00a0\u00bb0&Prime; width=\u00a0\u00bb1\/1&Prime; uncode_shortcode_id=\u00a0\u00bb213076&Prime;][vc_row_inner row_inner_height_percent=\u00a0\u00bb0&Prime; overlay_alpha=\u00a0\u00bb50&Prime; gutter_size=\u00a0\u00bb3&Prime; shift_y=\u00a0\u00bb0&Prime; z_index=\u00a0\u00bb0&Prime; limit_content=\u00a0\u00bb\u00a0\u00bb uncode_shortcode_id=\u00a0\u00bb889243&Prime;][vc_column_inner width=\u00a0\u00bb1\/2&Prime;][vc_single_image media=\u00a0\u00bb118485&Prime; media_width_percent=\u00a0\u00bb100&Prime; media_ratio=\u00a0\u00bbone-one\u00a0\u00bb alignment=\u00a0\u00bbright\u00a0\u00bb uncode_shortcode_id=\u00a0\u00bb318191&Prime;][\/vc_column_inner][vc_column_inner column_width_percent=\u00a0\u00bb100&Prime; gutter_size=\u00a0\u00bb3&Prime; back_color=\u00a0\u00bbcolor-xsdn\u00a0\u00bb overlay_alpha=\u00a0\u00bb50&Prime; shift_x=\u00a0\u00bb0&Prime; shift_y=\u00a0\u00bb0&Prime; shift_y_down=\u00a0\u00bb0&Prime; z_index=\u00a0\u00bb0&Prime; medium_width=\u00a0\u00bb0&Prime; mobile_width=\u00a0\u00bb0&Prime; width=\u00a0\u00bb1\/2&Prime; uncode_shortcode_id=\u00a0\u00bb175993&Prime; back_color_type=\u00a0\u00bbuncode-palette\u00a0\u00bb][vc_custom_heading text_color=\u00a0\u00bbaccent\u00a0\u00bb heading_semantic=\u00a0\u00bbh6&Prime; text_size=\u00a0\u00bbfontsize-160000&Prime; text_transform=\u00a0\u00bbuppercase\u00a0\u00bb text_space=\u00a0\u00bbfontspace-135905&Prime; uncode_shortcode_id=\u00a0\u00bb160366&Prime; text_color_type=\u00a0\u00bbuncode-palette\u00a0\u00bb]Samedi 7 Octobre &#8211; 14h00-00h00[\/vc_custom_heading][vc_custom_heading heading_semantic=\u00a0\u00bbh3&Prime; text_size=\u00a0\u00bbfontsize-155944&Prime; sub_lead=\u00a0\u00bbyes\u00a0\u00bb subheading=\u00a0\u00bbOn se retrouve le \u2728samedi 7 octobre\u2728 de 14h \u00e0 minuit pour la cl\u00f4ture de notre saison du Bar-Bar, avec un floril\u00e8ge de ce que vous avez pr\u00e9f\u00e9r\u00e9 cet \u00e9t\u00e9\u2026\ud83c\udfdd\ufe0f<\/p>\n<p>\ud83d\udc49 Sur le Parvis, de la ride avec l&rsquo;asso Saint Denis Rides qui nous fait le plaisir de revenir avec ses modules, initiations, d\u00e9mos et jeux. C\u00f4t\u00e9 son, c\u2019est Gramb\u00e9 , La Pl\u00e8be et le 162 qui officieront pour le bonheur de vos oreilles.<\/p>\n<p>\ud83d\udc49 Sur la terrasse, on est ravis d\u2019accueillir DJ Cucurucho pour un set tropical, David Dee accompagn\u00e9 de Julien Tekeyan aux percussions, et enfin Cyril K, pionnier de la sc\u00e8ne House fran\u00e7aise.<\/p>\n<p>\ud83d\udc49 Dans la halle, de l\u2019artisanat local, de quoi se sustenter et se d\u00e9tendre avec, entre autres La Pitchoun&rsquo;rie, l&rsquo;Atelier Coeur de Chiffon, les massages de Pascale, la Savonnerie Mimoza&#8230;\u00a0\u00bb uncode_shortcode_id=\u00a0\u00bb138033&Prime; text_color_type=\u00a0\u00bbuncode-palette\u00a0\u00bb text_color_solid=\u00a0\u00bb#ff0000&Prime;]Block Party #3 : Cl\u00f4ture de la saison[\/vc_custom_heading][vc_button button_color=\u00a0\u00bbaccent\u00a0\u00bb border_width=\u00a0\u00bb0&Prime; link=\u00a0\u00bburl:https%3A%2F%2Fshotgun.live%2Fevents%2Fblock-party-cloture-de-la-saison|title:%2B%20d&rsquo;Infos%20|target:_blank\u00a0\u00bb button_color_type=\u00a0\u00bbuncode-palette\u00a0\u00bb uncode_shortcode_id=\u00a0\u00bb195897&Prime;]+ d&rsquo;infos ici[\/vc_button][\/vc_column_inner][\/vc_row_inner][vc_row_inner row_inner_height_percent=\u00a0\u00bb0&Prime; overlay_alpha=\u00a0\u00bb50&Prime; gutter_size=\u00a0\u00bb3&Prime; shift_y=\u00a0\u00bb0&Prime; z_index=\u00a0\u00bb0&Prime; limit_content=\u00a0\u00bb\u00a0\u00bb uncode_shortcode_id=\u00a0\u00bb889243&Prime;][vc_column_inner width=\u00a0\u00bb1\/2&Prime;][vc_single_image media=\u00a0\u00bb118441&Prime; media_width_percent=\u00a0\u00bb100&Prime; media_ratio=\u00a0\u00bbone-one\u00a0\u00bb alignment=\u00a0\u00bbright\u00a0\u00bb uncode_shortcode_id=\u00a0\u00bb297830&Prime;][\/vc_column_inner][vc_column_inner column_width_percent=\u00a0\u00bb100&Prime; gutter_size=\u00a0\u00bb3&Prime; back_color=\u00a0\u00bbcolor-xsdn\u00a0\u00bb overlay_alpha=\u00a0\u00bb50&Prime; shift_x=\u00a0\u00bb0&Prime; shift_y=\u00a0\u00bb0&Prime; shift_y_down=\u00a0\u00bb0&Prime; z_index=\u00a0\u00bb0&Prime; medium_width=\u00a0\u00bb0&Prime; mobile_width=\u00a0\u00bb0&Prime; width=\u00a0\u00bb1\/2&Prime; uncode_shortcode_id=\u00a0\u00bb175993&Prime; back_color_type=\u00a0\u00bbuncode-palette\u00a0\u00bb][vc_custom_heading text_color=\u00a0\u00bbaccent\u00a0\u00bb heading_semantic=\u00a0\u00bbh6&Prime; text_size=\u00a0\u00bbfontsize-160000&Prime; text_transform=\u00a0\u00bbuppercase\u00a0\u00bb text_space=\u00a0\u00bbfontspace-135905&Prime; uncode_shortcode_id=\u00a0\u00bb604359&Prime; text_color_type=\u00a0\u00bbuncode-palette\u00a0\u00bb]Tous les jeudis &#8211; 17h30-23H30[\/vc_custom_heading][vc_custom_heading heading_semantic=\u00a0\u00bbh3&Prime; text_size=\u00a0\u00bbfontsize-155944&Prime; sub_lead=\u00a0\u00bbyes\u00a0\u00bb subheading=\u00a0\u00bbCette ann\u00e9e, le rendez-vous hebdomadaire, c&rsquo;est le jeudi !<\/p>\n<p>Chaque semaine sur la terrasse, un DJ set pour le bonheur de vos oreilles, des initiatives qu&rsquo;on aime, des planches, jus et vins s\u00e9lectionn\u00e9s par le Comptoir Dionysien, des bi\u00e8res locales et artisanales Hespebay de toute beautay.\u00a0\u00bb uncode_shortcode_id=\u00a0\u00bb432740&Prime; text_color_type=\u00a0\u00bbuncode-palette\u00a0\u00bb text_color_solid=\u00a0\u00bb#ff0000&Prime;]Les jeudis du Bar-Bar[\/vc_custom_heading][\/vc_column_inner][\/vc_row_inner][\/vc_column][\/vc_row][vc_row unlock_row_content=\u00a0\u00bbyes\u00a0\u00bb row_height_percent=\u00a0\u00bb0&Prime; override_padding=\u00a0\u00bbyes\u00a0\u00bb h_padding=\u00a0\u00bb0&Prime; top_padding=\u00a0\u00bb0&Prime; bottom_padding=\u00a0\u00bb0&Prime; overlay_alpha=\u00a0\u00bb50&Prime; gutter_size=\u00a0\u00bb0&Prime; column_width_percent=\u00a0\u00bb100&Prime; shift_y=\u00a0\u00bb0&Prime; z_index=\u00a0\u00bb0&Prime; uncode_shortcode_id=\u00a0\u00bb618647&Prime;][vc_column width=\u00a0\u00bb1\/1&Prime;][vc_separator sep_color=\u00a0\u00bbcolor-jevc\u00a0\u00bb uncode_shortcode_id=\u00a0\u00bb337647&Prime; sep_color_type=\u00a0\u00bbuncode-palette\u00a0\u00bb el_height=\u00a0\u00bb1px\u00a0\u00bb][\/vc_column][\/vc_row][vc_row row_height_percent=\u00a0\u00bb0&Prime; override_padding=\u00a0\u00bbyes\u00a0\u00bb h_padding=\u00a0\u00bb2&Prime; top_padding=\u00a0\u00bb5&Prime; bottom_padding=\u00a0\u00bb5&Prime; overlay_alpha=\u00a0\u00bb50&Prime; gutter_size=\u00a0\u00bb3&Prime; column_width_percent=\u00a0\u00bb100&Prime; shift_y=\u00a0\u00bb0&Prime; z_index=\u00a0\u00bb2&Prime; bottom_divider=\u00a0\u00bbswoosh-opacity\u00a0\u00bb row_custom_slug_check=\u00a0\u00bbyes\u00a0\u00bb uncode_shortcode_id=\u00a0\u00bb159120&Prime; row_name=\u00a0\u00bbHistorique\u00a0\u00bb row_custom_slug=\u00a0\u00bbHistorique\u00a0\u00bb el_id=\u00a0\u00bbHistorique\u00a0\u00bb][vc_column column_width_percent=\u00a0\u00bb100&Prime; position_vertical=\u00a0\u00bbmiddle\u00a0\u00bb align_horizontal=\u00a0\u00bbalign_center\u00a0\u00bb gutter_size=\u00a0\u00bb3&Prime; overlay_alpha=\u00a0\u00bb50&Prime; shift_x=\u00a0\u00bb0&Prime; shift_y=\u00a0\u00bb0&Prime; shift_y_down=\u00a0\u00bb0&Prime; shift_y_down_fixed=\u00a0\u00bbyes\u00a0\u00bb z_index=\u00a0\u00bb0&Prime; medium_width=\u00a0\u00bb0&Prime; align_mobile=\u00a0\u00bbalign_center_mobile\u00a0\u00bb mobile_width=\u00a0\u00bb0&Prime; width=\u00a0\u00bb1\/1&Prime; uncode_shortcode_id=\u00a0\u00bb213076&Prime;][vc_row_inner row_inner_height_percent=\u00a0\u00bb0&Prime; overlay_alpha=\u00a0\u00bb50&Prime; gutter_size=\u00a0\u00bb3&Prime; shift_y=\u00a0\u00bb0&Prime; z_index=\u00a0\u00bb0&Prime; limit_content=\u00a0\u00bb\u00a0\u00bb uncode_shortcode_id=\u00a0\u00bb889243&Prime;][vc_column_inner width=\u00a0\u00bb1\/2&Prime;][vc_single_image media=\u00a0\u00bb118442&Prime; media_width_percent=\u00a0\u00bb100&Prime; media_ratio=\u00a0\u00bbone-one\u00a0\u00bb alignment=\u00a0\u00bbright\u00a0\u00bb uncode_shortcode_id=\u00a0\u00bb208762&Prime;][\/vc_column_inner][vc_column_inner column_width_percent=\u00a0\u00bb100&Prime; gutter_size=\u00a0\u00bb3&Prime; back_color=\u00a0\u00bbcolor-xsdn\u00a0\u00bb overlay_alpha=\u00a0\u00bb50&Prime; shift_x=\u00a0\u00bb0&Prime; shift_y=\u00a0\u00bb0&Prime; shift_y_down=\u00a0\u00bb0&Prime; z_index=\u00a0\u00bb0&Prime; medium_width=\u00a0\u00bb0&Prime; mobile_width=\u00a0\u00bb0&Prime; width=\u00a0\u00bb1\/2&Prime; uncode_shortcode_id=\u00a0\u00bb175993&Prime; back_color_type=\u00a0\u00bbuncode-palette\u00a0\u00bb][vc_custom_heading text_color=\u00a0\u00bbaccent\u00a0\u00bb heading_semantic=\u00a0\u00bbh6&Prime; text_size=\u00a0\u00bbfontsize-160000&Prime; text_transform=\u00a0\u00bbuppercase\u00a0\u00bb text_space=\u00a0\u00bbfontspace-135905&Prime; uncode_shortcode_id=\u00a0\u00bb606845&Prime; text_color_type=\u00a0\u00bbuncode-palette\u00a0\u00bb]Dimanche 2 juillet[\/vc_custom_heading][vc_custom_heading heading_semantic=\u00a0\u00bbh3&Prime; text_size=\u00a0\u00bbfontsize-155944&Prime; uncode_shortcode_id=\u00a0\u00bb203621&Prime;]Balade Multiculturelle<br \/>\nEpinay et ses tiers-lieux au fil de l&rsquo;eau[\/vc_custom_heading][vc_column_text text_lead=\u00a0\u00bbyes\u00a0\u00bb uncode_shortcode_id=\u00a0\u00bb212495&Prime;]Au d\u00e9part des Voies Circulaires \u00e0 la gare d&rsquo;Epinay, cette balade anim\u00e9e par Clara Leroux est l&rsquo;un des sept parcours organis\u00e9s dans le cadre de la <strong><a href=\"https:\/\/www.tourisme93.com\/document.php?pagendx=815&amp;engine_zoom=FMAIDFC930030638\">Biennale interculturelle Multitude<\/a><\/strong><span style=\"color: #ff9900;\">.<\/span> Vous traverserez la ville d&rsquo;\u00c9pinay-sur-Seine au fil des si\u00e8cles et arriverez \u00e0 la nouvelle \u00e9dition de <strong><a href=\"https:\/\/www.tourisme93.com\/document.php?pagendx=815&amp;engine_zoom=FMAIDFC930030468\">La plus grande table du monde<\/a><\/strong> pour battre le record.\u00a0<strong>Sur r\u00e9servation uniquement.<\/strong>[\/vc_column_text][vc_button button_color=\u00a0\u00bbaccent\u00a0\u00bb border_width=\u00a0\u00bb0&Prime; link=\u00a0\u00bburl:https%3A%2F%2Fexploreparis.com%2Ffr%2F6200-balade-multiculturelle-epinay-et-ses-tiers-lieux-au-fil-de-l-eau.html|target:_blank\u00a0\u00bb button_color_type=\u00a0\u00bbuncode-palette\u00a0\u00bb uncode_shortcode_id=\u00a0\u00bb101011&Prime;]R\u00e9servation gratuite sur #ExploreParis[\/vc_button][\/vc_column_inner][\/vc_row_inner][\/vc_column][\/vc_row][vc_row unlock_row_content=\u00a0\u00bbyes\u00a0\u00bb row_height_percent=\u00a0\u00bb0&Prime; override_padding=\u00a0\u00bbyes\u00a0\u00bb h_padding=\u00a0\u00bb0&Prime; top_padding=\u00a0\u00bb0&Prime; bottom_padding=\u00a0\u00bb0&Prime; overlay_alpha=\u00a0\u00bb50&Prime; gutter_size=\u00a0\u00bb0&Prime; column_width_percent=\u00a0\u00bb100&Prime; shift_y=\u00a0\u00bb0&Prime; z_index=\u00a0\u00bb0&Prime; uncode_shortcode_id=\u00a0\u00bb618647&Prime;][vc_column width=\u00a0\u00bb1\/1&Prime;][vc_separator sep_color=\u00a0\u00bbcolor-jevc\u00a0\u00bb uncode_shortcode_id=\u00a0\u00bb337647&Prime; sep_color_type=\u00a0\u00bbuncode-palette\u00a0\u00bb el_height=\u00a0\u00bb1px\u00a0\u00bb][\/vc_column][\/vc_row][vc_row row_height_percent=\u00a0\u00bb0&Prime; override_padding=\u00a0\u00bbyes\u00a0\u00bb h_padding=\u00a0\u00bb2&Prime; top_padding=\u00a0\u00bb5&Prime; bottom_padding=\u00a0\u00bb5&Prime; overlay_alpha=\u00a0\u00bb50&Prime; gutter_size=\u00a0\u00bb3&Prime; column_width_percent=\u00a0\u00bb100&Prime; shift_y=\u00a0\u00bb0&Prime; z_index=\u00a0\u00bb2&Prime; bottom_divider=\u00a0\u00bbswoosh-opacity\u00a0\u00bb row_custom_slug_check=\u00a0\u00bbyes\u00a0\u00bb uncode_shortcode_id=\u00a0\u00bb159120&Prime; row_name=\u00a0\u00bbHistorique\u00a0\u00bb row_custom_slug=\u00a0\u00bbHistorique\u00a0\u00bb el_id=\u00a0\u00bbHistorique\u00a0\u00bb][vc_column column_width_percent=\u00a0\u00bb100&Prime; position_vertical=\u00a0\u00bbmiddle\u00a0\u00bb align_horizontal=\u00a0\u00bbalign_center\u00a0\u00bb gutter_size=\u00a0\u00bb3&Prime; overlay_alpha=\u00a0\u00bb50&Prime; shift_x=\u00a0\u00bb0&Prime; shift_y=\u00a0\u00bb0&Prime; shift_y_down=\u00a0\u00bb0&Prime; shift_y_down_fixed=\u00a0\u00bbyes\u00a0\u00bb z_index=\u00a0\u00bb0&Prime; medium_width=\u00a0\u00bb0&Prime; align_mobile=\u00a0\u00bbalign_center_mobile\u00a0\u00bb mobile_width=\u00a0\u00bb0&Prime; width=\u00a0\u00bb1\/1&Prime; uncode_shortcode_id=\u00a0\u00bb213076&Prime;][vc_row_inner row_inner_height_percent=\u00a0\u00bb0&Prime; overlay_alpha=\u00a0\u00bb50&Prime; gutter_size=\u00a0\u00bb3&Prime; shift_y=\u00a0\u00bb0&Prime; z_index=\u00a0\u00bb0&Prime; limit_content=\u00a0\u00bb\u00a0\u00bb uncode_shortcode_id=\u00a0\u00bb889243&Prime;][vc_column_inner width=\u00a0\u00bb1\/2&Prime;][vc_single_image media=\u00a0\u00bb118475&Prime; media_width_percent=\u00a0\u00bb100&Prime; media_ratio=\u00a0\u00bbone-one\u00a0\u00bb alignment=\u00a0\u00bbright\u00a0\u00bb uncode_shortcode_id=\u00a0\u00bb134230&Prime;][\/vc_column_inner][vc_column_inner column_width_percent=\u00a0\u00bb100&Prime; gutter_size=\u00a0\u00bb3&Prime; back_color=\u00a0\u00bbcolor-xsdn\u00a0\u00bb overlay_alpha=\u00a0\u00bb50&Prime; shift_x=\u00a0\u00bb0&Prime; shift_y=\u00a0\u00bb0&Prime; shift_y_down=\u00a0\u00bb0&Prime; z_index=\u00a0\u00bb0&Prime; medium_width=\u00a0\u00bb0&Prime; mobile_width=\u00a0\u00bb0&Prime; width=\u00a0\u00bb1\/2&Prime; uncode_shortcode_id=\u00a0\u00bb175993&Prime; back_color_type=\u00a0\u00bbuncode-palette\u00a0\u00bb][vc_custom_heading text_color=\u00a0\u00bbaccent\u00a0\u00bb heading_semantic=\u00a0\u00bbh6&Prime; text_size=\u00a0\u00bbfontsize-160000&Prime; text_transform=\u00a0\u00bbuppercase\u00a0\u00bb text_space=\u00a0\u00bbfontspace-135905&Prime; uncode_shortcode_id=\u00a0\u00bb954566&Prime; text_color_type=\u00a0\u00bbuncode-palette\u00a0\u00bb]Les jeudis en juillet[\/vc_custom_heading][vc_custom_heading heading_semantic=\u00a0\u00bbh3&Prime; text_size=\u00a0\u00bbfontsize-155944&Prime; uncode_shortcode_id=\u00a0\u00bb392788&Prime;]Les Ap\u00e9ros des Berges avec #ExploreParis[\/vc_custom_heading][vc_column_text text_lead=\u00a0\u00bbyes\u00a0\u00bb uncode_shortcode_id=\u00a0\u00bb103066&Prime;]Pour cette 16\u00e8me\u00a0\u00e9dition de l\u2019<a href=\"https:\/\/www.tourisme93.com\/ete-du-canal\/\" target=\"_blank\" rel=\"noopener\">Et\u00e9 du Canal<\/a>, ExploreParis vous proposons un format appel\u00e9\u00a0\u00ab\u00a0<a href=\"https:\/\/www.tourisme93.com\/ete-du-canal\/concerts.html\" target=\"_blank\" rel=\"noopener\">ap\u00e9ro des berges<\/a>\u00a0\u00bb qui aura lieu durant l\u2019\u00e9v\u00e9nement estival.<br \/>\nDans le cas qui nous occupe, il s&rsquo;agit d&rsquo;une visite de la Fabrique, \u00e0 la d\u00e9couverte de ses contours, de son histoire et de ses \u00e9l\u00e9ments architecturaux les plus remarquables, suivie d&rsquo;un moment de d\u00e9tente sur la terrasse accompagn\u00e9 d&rsquo;une assiette de gourmandises sal\u00e9es de Janette Boudoir et d&rsquo;un verre de soft, de bi\u00e8re ou de vin.<br \/>\n<b>Sur r\u00e9servation via #ExploreParis<\/b>[\/vc_column_text][vc_button button_color=\u00a0\u00bbaccent\u00a0\u00bb border_width=\u00a0\u00bb0&Prime; link=\u00a0\u00bburl:https%3A%2F%2Fexploreparis.com%2Ffr%2F6260-apero-des-berges-a-la-fabrique-bannier.html|target:_blank\u00a0\u00bb button_color_type=\u00a0\u00bbuncode-palette\u00a0\u00bb uncode_shortcode_id=\u00a0\u00bb166434&Prime;]Visites sur r\u00e9servation sur #ExploreParis[\/vc_button][\/vc_column_inner][\/vc_row_inner][\/vc_column][\/vc_row]<\/p>\n<\/div>","protected":false},"excerpt":{"rendered":"<p>[vc_row row_height_percent=\u00a0\u00bb0&Prime; override_padding=\u00a0\u00bbyes\u00a0\u00bb h_padding=\u00a0\u00bb2&Prime; top_padding=\u00a0\u00bb5&Prime; bottom_padding=\u00a0\u00bb5&Prime; overlay_alpha=\u00a0\u00bb50&Prime; gutter_size=\u00a0\u00bb3&Prime; column_width_percent=\u00a0\u00bb100&Prime; shift_y=\u00a0\u00bb0&Prime; z_index=\u00a0\u00bb2&Prime; bottom_divider=\u00a0\u00bbswoosh-opacity\u00a0\u00bb row_custom_slug_check=\u00a0\u00bbyes\u00a0\u00bb uncode_shortcode_id=\u00a0\u00bb167828&Prime; row_name=\u00a0\u00bbHistorique\u00a0\u00bb row_custom_slug=\u00a0\u00bbHistorique\u00a0\u00bb el_id=\u00a0\u00bbHistorique\u00a0\u00bb][vc_column column_width_use_pixel=\u00a0\u00bbyes\u00a0\u00bb position_vertical=\u00a0\u00bbmiddle\u00a0\u00bb align_horizontal=\u00a0\u00bbalign_center\u00a0\u00bb [&hellip;]<\/p>\n","protected":false},"author":1,"featured_media":0,"parent":0,"menu_order":0,"comment_status":"closed","ping_status":"closed","template":"","meta":{"footnotes":""},"class_list":["post-118433","page","type-page","status-publish","hentry"],"_links":{"self":[{"href":"https:\/\/www.fabriquebannier.com\/index.php\/wp-json\/wp\/v2\/pages\/118433","targetHints":{"allow":["GET"]}}],"collection":[{"href":"https:\/\/www.fabriquebannier.com\/index.php\/wp-json\/wp\/v2\/pages"}],"about":[{"href":"https:\/\/www.fabriquebannier.com\/index.php\/wp-json\/wp\/v2\/types\/page"}],"author":[{"embeddable":true,"href":"https:\/\/www.fabriquebannier.com\/index.php\/wp-json\/wp\/v2\/users\/1"}],"replies":[{"embeddable":true,"href":"https:\/\/www.fabriquebannier.com\/index.php\/wp-json\/wp\/v2\/comments?post=118433"}],"version-history":[{"count":44,"href":"https:\/\/www.fabriquebannier.com\/index.php\/wp-json\/wp\/v2\/pages\/118433\/revisions"}],"predecessor-version":[{"id":118564,"href":"https:\/\/www.fabriquebannier.com\/index.php\/wp-json\/wp\/v2\/pages\/118433\/revisions\/118564"}],"wp:attachment":[{"href":"https:\/\/www.fabriquebannier.com\/index.php\/wp-json\/wp\/v2\/media?parent=118433"}],"curies":[{"name":"wp","href":"https:\/\/api.w.org\/{rel}","templated":true}]}}